{"id":154,"date":"2017-03-07T10:21:52","date_gmt":"2017-03-07T09:21:52","guid":{"rendered":"http:\/\/www.ict.mazuch.net\/subdom\/ict\/?page_id=154"},"modified":"2017-03-07T10:21:52","modified_gmt":"2017-03-07T09:21:52","slug":"kontakt","status":"publish","type":"page","link":"https:\/\/www.ict.mazuch.net\/subdom\/ict\/kontakt\/","title":{"rendered":"Kontakt"},"content":{"rendered":"<div class=\"pdfprnt-buttons pdfprnt-buttons-page pdfprnt-top-right\"><a href=\"https:\/\/www.ict.mazuch.net\/subdom\/ict\/wp-json\/wp\/v2\/pages\/154?print=pdf\" class=\"pdfprnt-button pdfprnt-button-pdf\" target=\"_blank\"><img src=\"https:\/\/www.ict.mazuch.net\/subdom\/ict\/wp-content\/plugins\/pdf-print\/images\/pdf.png\" alt=\"image_pdf\" title=\"View PDF\" \/><\/a><a href=\"https:\/\/www.ict.mazuch.net\/subdom\/ict\/wp-json\/wp\/v2\/pages\/154?print=print\" class=\"pdfprnt-button pdfprnt-button-print\" target=\"_blank\"><img src=\"https:\/\/www.ict.mazuch.net\/subdom\/ict\/wp-content\/plugins\/pdf-print\/images\/print.png\" alt=\"image_print\" title=\"Print Content\" \/><\/a><\/div><p>Pomozte dal\u0161\u00edm ro\u010dn\u00edk\u016fm s p\u0159\u00edpravami na maturitu z ICT t\u00edm, \u017ee obohat\u00edte str\u00e1nky\u00a0sv\u00fdmi v\u011bdomostmi a znalostmi. Nev\u00e1hejte a pos\u00edlejte maturitn\u00ed ot\u00e1zky!<\/p>\n\n<div class=\"wpcf7 no-js\" id=\"wpcf7-f148-o1\" lang=\"cs-CZ\" dir=\"ltr\">\n<div class=\"screen-reader-response\"><p role=\"status\" aria-live=\"polite\" aria-atomic=\"true\"><\/p> <ul><\/ul><\/div>\n<form action=\"\/subdom\/ict\/wp-json\/wp\/v2\/pages\/154#wpcf7-f148-o1\" method=\"post\" class=\"wpcf7-form init\" aria-label=\"Kontaktn\u00ed formul\u00e1\u0159\" enctype=\"multipart\/form-data\" novalidate=\"novalidate\" data-status=\"init\">\n<div style=\"display: none;\">\n<input type=\"hidden\" name=\"_wpcf7\" value=\"148\" \/>\n<input type=\"hidden\" name=\"_wpcf7_version\" value=\"5.8.1\" \/>\n<input type=\"hidden\" name=\"_wpcf7_locale\" value=\"cs_CZ\" \/>\n<input type=\"hidden\" name=\"_wpcf7_unit_tag\" value=\"wpcf7-f148-o1\" \/>\n<input type=\"hidden\" name=\"_wpcf7_container_post\" value=\"0\" \/>\n<input type=\"hidden\" name=\"_wpcf7_posted_data_hash\" value=\"\" \/>\n<input type=\"hidden\" name=\"_wpcf7_recaptcha_response\" value=\"\" \/>\n<\/div>\n<p><label> Va\u0161e jm\u00e9no (vy\u017eadov\u00e1no)<br \/>\n<span class=\"wpcf7-form-control-wrap\" data-name=\"your-name\"><input size=\"40\" class=\"wpcf7-form-control wpcf7-text wpcf7-validates-as-required\" aria-required=\"true\" aria-invalid=\"false\" value=\"\" type=\"text\" name=\"your-name\" \/><\/span> <\/label>\n<\/p>\n<p><label> V\u00e1\u0161 e-mail (vy\u017eadov\u00e1no)<br \/>\n<span class=\"wpcf7-form-control-wrap\" data-name=\"your-email\"><input size=\"40\" class=\"wpcf7-form-control wpcf7-email wpcf7-validates-as-required wpcf7-text wpcf7-validates-as-email\" aria-required=\"true\" aria-invalid=\"false\" value=\"\" type=\"email\" name=\"your-email\" \/><\/span> <\/label>\n<\/p>\n<p><label> P\u0159edm\u011bt<br \/>\n<span class=\"wpcf7-form-control-wrap\" data-name=\"your-subject\"><input size=\"40\" class=\"wpcf7-form-control wpcf7-text\" aria-invalid=\"false\" value=\"\" type=\"text\" name=\"your-subject\" \/><\/span> <\/label>\n<\/p>\n<p><label> Va\u0161e zpr\u00e1va<br \/>\n<span class=\"wpcf7-form-control-wrap\" data-name=\"your-message\"><textarea cols=\"40\" rows=\"10\" class=\"wpcf7-form-control wpcf7-textarea\" aria-invalid=\"false\" name=\"your-message\"><\/textarea><\/span> <\/label>\n<\/p>\n<p><label> Va\u0161e zpr\u00e1va<br \/>\n<i>(max. 10 MB | povolen\u00e9 typy soubor\u016f: doc, docx, txt, php, sql, html, htm, rtf, odt)<\/i><br \/>\n<span class=\"wpcf7-form-control-wrap\" data-name=\"file-945\"><input size=\"40\" class=\"wpcf7-form-control wpcf7-file\" accept=\".doc,.docx,.txt,.php,.sql,.html,.htm,.rtf,.odt\" aria-invalid=\"false\" type=\"file\" name=\"file-945\" \/><\/span> <\/label>\n<\/p>\n<p><label> Antispamov\u00e1 ochrana:<br \/>\n\t<\/label>\n<\/p>\n<p>Informace: Ostatn\u00ed (nepovolen\u00e9 typy soubor\u016f) pros\u00edm zas\u00edlejte po domluv\u011b individu\u00e1ln\u011b na email.\n<\/p><p style=\"display: none !important;\"><label>&#916;<textarea name=\"_wpcf7_ak_hp_textarea\" cols=\"45\" rows=\"8\" maxlength=\"100\"><\/textarea><\/label><input type=\"hidden\" id=\"ak_js_1\" name=\"_wpcf7_ak_js\" value=\"21\"\/><script>document.getElementById( \"ak_js_1\" ).setAttribute( \"value\", ( new Date() ).getTime() );<\/script><\/p><div class=\"wpcf7-response-output\" aria-hidden=\"true\"><\/div>\n<\/form>\n<\/div>\n\n","protected":false},"excerpt":{"rendered":"<p>Pomozte dal\u0161\u00edm ro\u010dn\u00edk\u016fm s p\u0159\u00edpravami na maturitu z ICT t\u00edm, \u017ee obohat\u00edte str\u00e1nky\u00a0sv\u00fdmi v\u011bdomostmi a znalostmi. Nev\u00e1hejte a pos\u00edlejte maturitn\u00ed ot\u00e1zky!<\/p>\n","protected":false},"author":1,"featured_media":0,"parent":0,"menu_order":0,"comment_status":"closed","ping_status":"closed","template":"","meta":{"footnotes":""},"wppr_data":{"cwp_meta_box_check":"No"},"_links":{"self":[{"href":"https:\/\/www.ict.mazuch.net\/subdom\/ict\/wp-json\/wp\/v2\/pages\/154"}],"collection":[{"href":"https:\/\/www.ict.mazuch.net\/subdom\/ict\/wp-json\/wp\/v2\/pages"}],"about":[{"href":"https:\/\/www.ict.mazuch.net\/subdom\/ict\/wp-json\/wp\/v2\/types\/page"}],"author":[{"embeddable":true,"href":"https:\/\/www.ict.mazuch.net\/subdom\/ict\/wp-json\/wp\/v2\/users\/1"}],"replies":[{"embeddable":true,"href":"https:\/\/www.ict.mazuch.net\/subdom\/ict\/wp-json\/wp\/v2\/comments?post=154"}],"version-history":[{"count":1,"href":"https:\/\/www.ict.mazuch.net\/subdom\/ict\/wp-json\/wp\/v2\/pages\/154\/revisions"}],"predecessor-version":[{"id":155,"href":"https:\/\/www.ict.mazuch.net\/subdom\/ict\/wp-json\/wp\/v2\/pages\/154\/revisions\/155"}],"wp:attachment":[{"href":"https:\/\/www.ict.mazuch.net\/subdom\/ict\/wp-json\/wp\/v2\/media?parent=154"}],"curies":[{"name":"wp","href":"https:\/\/api.w.org\/{rel}","templated":true}]}}