{"id":41,"date":"2016-05-10T22:52:08","date_gmt":"2016-05-10T21:52:08","guid":{"rendered":"http:\/\/www.ict.mazuch.net\/subdom\/ict\/?page_id=41"},"modified":"2016-05-10T22:52:08","modified_gmt":"2016-05-10T21:52:08","slug":"13-hardware-osobniho-pocitace","status":"publish","type":"page","link":"https:\/\/www.ict.mazuch.net\/subdom\/ict\/13-hardware-osobniho-pocitace\/","title":{"rendered":"(13) Hardware osobn\u00edho po\u010d\u00edta\u010de"},"content":{"rendered":"<div class=\"pdfprnt-buttons pdfprnt-buttons-page pdfprnt-top-right\"><a href=\"https:\/\/www.ict.mazuch.net\/subdom\/ict\/wp-json\/wp\/v2\/pages\/41?print=pdf\" class=\"pdfprnt-button pdfprnt-button-pdf\" target=\"_blank\"><img src=\"https:\/\/www.ict.mazuch.net\/subdom\/ict\/wp-content\/plugins\/pdf-print\/images\/pdf.png\" alt=\"image_pdf\" title=\"View PDF\" \/><\/a><a href=\"https:\/\/www.ict.mazuch.net\/subdom\/ict\/wp-json\/wp\/v2\/pages\/41?print=print\" class=\"pdfprnt-button pdfprnt-button-print\" target=\"_blank\"><img src=\"https:\/\/www.ict.mazuch.net\/subdom\/ict\/wp-content\/plugins\/pdf-print\/images\/print.png\" alt=\"image_print\" title=\"Print Content\" \/><\/a><\/div><div class=\"su-spoiler su-spoiler-style-fancy su-spoiler-icon-plus-circle su-spoiler-closed\" data-scroll-offset=\"0\" data-anchor-in-url=\"no\"><div class=\"su-spoiler-title\" tabindex=\"0\" role=\"button\"><span class=\"su-spoiler-icon\"><\/span>Osnova<\/div><div class=\"su-spoiler-content su-u-clearfix su-u-trim\">\n<ol>\n<li>Z\u00e1klad<\/li>\n<li>Pam\u011b\u0165 (RAM)<\/li>\n<li>\u00dalo\u017ei\u0161t\u011b\n<ol>\n<li>Pevn\u00fd disk (HDD)<\/li>\n<li>SSD<\/li>\n<\/ol>\n<\/li>\n<li>Procesor<\/li>\n<li>Z\u00e1kladn\u00ed deska<\/li>\n<li>Grafick\u00fd procesor (GPU)<\/li>\n<li>Zvukov\u00e1 karta<\/li>\n<li>S\u00ed\u0165ov\u00e1 karta<\/li>\n<\/ol>\n<\/div><\/div>\n<h2><strong>Z\u00e1klad<\/strong><\/h2>\n<ul>\n<li>nezbytn\u00e9 sou\u010d\u00e1sti = zdroj + z\u00e1kladn\u00ed deska + procesor + pam\u011b\u0165 (\u00falo\u017eist\u011b)<\/li>\n<\/ul>\n<h2><strong>Pam\u011b\u0165 (RAM)<\/strong><\/h2>\n<ul>\n<li><strong>RAM<\/strong> = <strong>R<\/strong>andom <strong>A<\/strong>cces <strong>M<\/strong>emory<\/li>\n<li>polovodi\u010dov\u00e1 pam\u011b\u0165 s p\u0159\u00edm\u00fdm p\u0159\u00edstupem umo\u017e\u0148uj\u00edc\u00ed \u010dten\u00ed i z\u00e1pis<\/li>\n<li>velikost pam\u011bti se nej\u010dast\u011bj\u0161i ud\u00e1v\u00e1 v bytech<\/li>\n<li>jak\u00e9 pam\u011bti pou\u017eijeme se v\u017edy \u0159\u00edd\u00ed pou\u017eitou \u010dipovou sadou na z\u00e1kladn\u00ed desce a z\u00e1kladn\u00ed deskou samotnou<\/li>\n<li>d\u011blen\u00ed dle uchov\u00e1v\u00e1n\u00ed informac\u00ed po odpojen\u00ed zdroje\n<ul>\n<li><u>volatiln\u00ed<\/u> \u2013 p\u0159i vypnut\u00ed nap\u00e1jen\u00ed se informace sma\u017ee<\/li>\n<li><u>nevolatiln\u00ed<\/u> \u2013 informace vydr\u017e\u00ed vypnut\u00ed nap\u00e1jen\u00ed; tuto vlastnost maj\u00ed magnetick\u00e9 pam\u011bti<\/li>\n<\/ul>\n<\/li>\n<li>d\u011blen\u00ed podle technologie uchov\u00e1v\u00e1n\u00ed informace\n<ul>\n<li><u>statick\u00e1<\/u> <em>(SRAM)<\/em> &#8211; minim\u00e1ln\u00ed p\u0159\u00edkon, velk\u00e1 \u0161umov\u00e1 odolnost, kr\u00e1tk\u00e1 p\u0159\u00edstupov\u00e1 doba x vy\u0161\u0161\u00ed cena<\/li>\n<li><u>dynamick\u00e1<\/u> <em>(DRAM)<\/em> &#8211; v\u00fdrobn\u011b mnohem jednodu\u0161\u0161\u00ed ne\u017e SRAM; nev\u00fdhoda: obsah ka\u017ed\u00e9 pam\u011b\u0165ov\u00e9 bu\u0148ky se mus\u00ed pravideln\u011b obnovovat<\/li>\n<\/ul>\n<\/li>\n<li>d\u011blen\u00ed DRAM modul\u016f do po\u010d\u00edta\u010de\n<ul>\n<li><u>SIMM<\/u> = Single Inline Memory Module<\/li>\n<li><u>DIMM<\/u> = Dual Inline Memory Module \u21d2 dva moduly SIMM integrovan\u00e9 na jedn\u00e9 desce (d\u016fvodem je obsazen\u00ed cel\u00e9 \u0161\u00ed\u0159ky sb\u011brnice)\n<ul>\n<li><u>SDR<\/u> = Single Data Rate<\/li>\n<li><u>DDR<\/u> = Double Data Rate<\/li>\n<li><u>DDR2<\/u> &#8211; podobn\u00e9 jako DDR, maj\u00ed vy\u0161\u0161\u00ed frekvence, st\u00e1le se pou\u017e\u00edvaj\u00ed ve star\u0161\u00edch stroj\u00edch<\/li>\n<li><u>DDR3 <\/u><\/li>\n<li><u>DDR4<\/u> &#8211; vysok\u00e1 cena, v\u00fdkon srovnateln\u00fd s DDR3<\/li>\n<\/ul>\n<\/li>\n<\/ul>\n<\/li>\n<\/ul>\n<h2><strong>\u00dalo\u017ei\u0161t\u011b<\/strong><\/h2>\n<ul>\n<li><strong>Pevn\u00fd disk (HDD)<\/strong>\n<ul>\n<li><strong>HDD<\/strong> = <strong>H<\/strong>ard <strong>D<\/strong>isk <strong>D<\/strong>rive<\/li>\n<li>pou\u017e\u00edv\u00e1 se k do\u010dasn\u00e9mu nebo trval\u00e9mu uchov\u00e1n\u00ed v\u011bt\u0161\u00edho mno\u017estv\u00ed dat<\/li>\n<li>funguje na principu magnetick\u00e9 indukce<\/li>\n<li>prvn\u00ed komer\u010dn\u00ed disky &#8211; 1956<\/li>\n<li>v\u00fdhodn\u00fd pom\u011br kapacity a ceny<\/li>\n<li>hlavn\u00ed nev\u00fdhodou je mechanick\u00e9 \u0159e\u0161en\u00ed, kter\u00e9 m\u00e1 vysokou spot\u0159ebu elektrick\u00e9 energie, je n\u00e1chyln\u00e9 na po\u0161kozen\u00ed p\u0159i ne\u0161etrn\u00e9m zach\u00e1zen\u00ed a vy\u0161\u0161\u00ed hmotnost.<\/li>\n<li>data jsou na disku ulo\u017eena pomoc\u00ed zmagnetizov\u00e1n\u00ed m\u00edst na magneticky m\u011bkk\u00e9m materi\u00e1lu, kter\u00e9 se prov\u00e1d\u00ed pomoc\u00ed c\u00edvky a elektrick\u00e9ho proudu<\/li>\n<li>\u010dten\u00ed je realizov\u00e1no tak\u00e9 pomoc\u00ed hlavy, ve kter\u00e9 se p\u0159i pohybu nad r\u016fzn\u011b orientovan\u00fdmi zmagnetizovan\u00fdmi m\u00edsty indukuje elektrick\u00fd proud<\/li>\n<li>zaznamenan\u00e1 data jsou v magnetick\u00e9 vrstv\u011b uchov\u00e1na i p\u0159i odpojen\u00ed disku od zdroje elektrick\u00e9ho proudu \u21d2 nevolatiln\u00ed<\/li>\n<li>data jsou na povrchu pevn\u00e9ho disku organizov\u00e1na do soust\u0159edn\u00fdch kru\u017enic zvan\u00fdch stopy a d\u00e1le do u\u010dit\u00fdch z\u00f3n a ka\u017ed\u00e1 z\u00f3na m\u00e1 ur\u010dit\u00fd po\u010det sektor\u016f na stopu<\/li>\n<li>sektor je nejmen\u0161\u00ed adresovatelnou jednotkou disku, velikost 4 KB na sektor<\/li>\n<li>rozhran\u00ed pevn\u00fdch disk\u016f\n<ul>\n<li><u>ATA<\/u>: b\u00fdvalo nejroz\u0161\u00ed\u0159en\u011bj\u0161\u00ed, jednoduch\u00e9, levn\u00e9,<\/li>\n<li><u>SATA<\/u>: n\u00e1stupce ATA, vy\u0161\u0161\u00ed rychlost, vy\u0161\u0161\u00ed inteligence \u0159adi\u010de<\/li>\n<\/ul>\n<\/li>\n<\/ul>\n<\/li>\n<li><strong>SSD <\/strong><em>(= <strong>S<\/strong>olid-<strong>s<\/strong>tate <strong>d<\/strong>rive)<\/em>\n<ul>\n<li>na rozd\u00edl od magnetick\u00fdch pevn\u00fdch disk\u016f neobsahuje pohybliv\u00e9 mechanick\u00e9 \u010d\u00e1sti a m\u00e1 mnohem ni\u017e\u0161\u00ed spot\u0159ebu elektrick\u00e9 energie<\/li>\n<li>pro ulo\u017een\u00ed dat je nej\u010dast\u011bji pou\u017eit\u00e1 nevolatiln\u00ed flash pam\u011b\u0165<\/li>\n<li>pou\u017e\u00edvaj\u00ed stejn\u011b rozhran\u00ed SATA jako pevn\u00e9 disky<\/li>\n<li>ni\u017e\u0161\u00ed spot\u0159eba, jsou leh\u010d\u00ed \u21d2 pou\u017eit\u00ed v notebooc\u00edch<\/li>\n<li>flash pam\u011bti maj\u00ed omezenou \u017eivotnost maxim\u00e1ln\u00edm po\u010dtem z\u00e1pis\u016f do stejn\u00e9ho m\u00edsta, kter\u00fd je v\u00fdrazn\u011b ni\u017e\u0161\u00ed, ne\u017e u klasick\u00fdch pevn\u00fdch disk\u016f<\/li>\n<\/ul>\n<\/li>\n<\/ul>\n<h2><strong>Procesor<\/strong><\/h2>\n<ul>\n<li><strong>C<\/strong>entral <strong>p<\/strong>rocessing <strong>u<\/strong>nit = <strong>CPU<\/strong><\/li>\n<li>um\u00ed vykon\u00e1vat strojov\u00e9 instrukce \u21d2 z nich je tvo\u0159en po\u010d\u00edta\u010dov\u00fd program \u21d2 um\u00ed obsluhovat jeho vstupy a v\u00fdstupy<\/li>\n<li>historicky byl CPU slo\u017een z mnoha sou\u010d\u00e1stek \u21d2 v roce 1970 byly v\u0161echny pot\u0159ebn\u00e9 obvody slou\u010deny do jednoho integrovan\u00e9ho obvodu \u21d2 mikroprocesor<\/li>\n<li>stavba procesoru\n<ul>\n<li><u>\u0159adi\u010d<\/u> <em>(nebo \u0159ad\u00edc\u00ed jednotka)<\/em>: zaji\u0161\u0165uje sou\u010dinnost jednotliv\u00fdch \u010d\u00e1st\u00ed procesoru<\/li>\n<li><u>sada registr\u016f<\/u>: uchov\u00e1n\u00ed meziv\u00fdsledk\u016f<\/li>\n<li><u>aritmeticko-logick\u00e1 jednotka<\/u><\/li>\n<li><u>matematick\u00fd koprocesor<\/u><\/li>\n<\/ul>\n<\/li>\n<li>rychlost procesoru je jen jedn\u00edm z faktor\u016f, kter\u00e9 ovliv\u0148uj\u00ed celkovou rychlost po\u010d\u00edta\u010de<\/li>\n<li>rychlost procesoru ovliv\u0148uje p\u0159\u00edtomnost procesorov\u00e9 chache, kter\u00e1 urychluje p\u0159\u00edstupy do opera\u010dn\u00ed pam\u011bti typu RAM<\/li>\n<li>cache m\u016f\u017ee b\u00fdt n\u011bkolikastup\u0148ov\u00e1\n<ul>\n<li>L1, L2, L3 \u2013 \u010d\u00edm ni\u017e\u0161\u00ed \u010d\u00edslo, t\u00edm bl\u00ed\u017ee k procesoru<\/li>\n<\/ul>\n<\/li>\n<\/ul>\n<h2><strong>Z\u00e1kladn\u00ed deska<\/strong><\/h2>\n<ul>\n<li>mainboard\/motherboard<\/li>\n<li>p\u0159edstavuje z\u00e1kladn\u00ed hardware v\u011bt\u0161iny po\u010d\u00edta\u010d\u016f<\/li>\n<li>hlavn\u00edm \u00fa\u010delem z\u00e1kladn\u00ed desky je propojit jednotliv\u00e9 sou\u010d\u00e1stky po\u010d\u00edta\u010de do funguj\u00edc\u00edho celku a poskytnout jim elektrick\u00e9 nap\u00e1jen\u00ed<\/li>\n<li>\u010dipset = Northbridge + Southbridge<\/li>\n<li><strong>Northbridge<\/strong>\n<ul>\n<li>jeden ze dvou z\u00e1kladn\u00edch \u010dip\u016f na z\u00e1kladn\u00ed desce<\/li>\n<li>ur\u010duje rychlost, druh procesor\u016f, jejich mno\u017estv\u00ed a druh pam\u011bti RAM, kter\u00fd bude pou\u017eit<\/li>\n<\/ul>\n<\/li>\n<li><strong>Southbridge<\/strong>\n<ul>\n<li>vstupn\u011b-v\u00fdstupn\u00ed \u0159adi\u010d<\/li>\n<li>ji\u017en\u00ed m\u016fstek odli\u0161\u00edme od severn\u00edho snadno tak, \u017ee nen\u00ed p\u0159\u00edmo spojen s procesorem<\/li>\n<li>m\u00e1 v typick\u00e9m po\u010d\u00edta\u010di na starosti obsluhu pomalej\u0161\u00edch za\u0159\u00edzen\u00ed<\/li>\n<\/ul>\n<\/li>\n<\/ul>\n<h2><strong>GPU <\/strong><em>(= grafick\u00fd procesor)<\/em><\/h2>\n<ul>\n<li><strong>GPU <\/strong>= <strong>G<\/strong>raphic<strong> u<\/strong>nit <strong>p<\/strong>rocessor<\/li>\n<li>specializovan\u00fd procesor um\u00edst\u011bn\u00fd na z\u00e1kladn\u00ed desce nebo grafick\u00e9 kart\u011b uvnit\u0159 po\u010d\u00edta\u010de, kter\u00fd zaji\u0161\u0165uje grafick\u00e9 v\u00fdpo\u010dty nutn\u00e9 pro vykreslov\u00e1n\u00ed dat ulo\u017een\u00fdch v opera\u010dn\u00ed pam\u011bti na zobrazovac\u00edm za\u0159\u00edzen\u00ed (monitor, projektor)<\/li>\n<\/ul>\n<h2><strong>Zvukov\u00e1 karta<\/strong><\/h2>\n<ul>\n<li>roz\u0161i\u0159uj\u00edc\u00ed karta po\u010d\u00edta\u010de pro vstup a v\u00fdstup zvukov\u00e9ho sing\u00e1lu<\/li>\n<li>ovl\u00e1dan\u00e1 softwarov\u011b<\/li>\n<li><u>zvukov\u00fd \u010dip<\/u>\n<ul>\n<li>prov\u00e1d\u00ed digit\u00e1ln\u011b-analogov\u00fd p\u0159evod nahran\u00e9ho digit\u00e1ln\u00edho z\u00e1znamu<\/li>\n<li>tento sign\u00e1l je p\u0159iveden na v\u00fdstup zvukov\u00e9 karty (v\u011bt\u0161inou 3,5mm jack-sluch\u00e1tkov\u00fd)<\/li>\n<\/ul>\n<\/li>\n<\/ul>\n<h2><strong>S\u00ed\u0165ov\u00e1 karta<\/strong><\/h2>\n<ul>\n<li><strong>NIC<\/strong> = <strong>N<\/strong>etwork <strong>I<\/strong>nterface <strong>C<\/strong>ontroller<\/li>\n<li>slou\u017e\u00ed ke vz\u00e1jemn\u00e9 komunikaci po\u010d\u00edta\u010d\u016f v po\u010d\u00edta\u010dov\u00e9 s\u00edti<\/li>\n<li>ve stoln\u00edch po\u010d\u00edta\u010d\u00edch m\u00e1 podobu karty, kter\u00e1 se zasune do slotu z\u00e1kladn\u00ed desky nebo je na z\u00e1kladn\u00ed desce integrovan\u00e1<\/li>\n<li><strong>S\u00ed\u0165ov\u00e9 rozhran\u00ed<\/strong>\n<ul>\n<li>obvykle s\u00ed\u0165ov\u00e1 karta, kter\u00e1 p\u0159ij\u00edm\u00e1 a vys\u00edl\u00e1 r\u00e1mce<\/li>\n<li><strong>ne<\/strong>: s\u00ed\u0165ov\u00e9 porty, switche a bridge<\/li>\n<\/ul>\n<\/li>\n<li>LAN, MAN, WAN<\/li>\n<\/ul>\n","protected":false},"excerpt":{"rendered":"<p>Z\u00e1klad nezbytn\u00e9 sou\u010d\u00e1sti = zdroj + z\u00e1kladn\u00ed deska + procesor + pam\u011b\u0165 (\u00falo\u017eist\u011b) Pam\u011b\u0165 (RAM) RAM = Random Acces Memory polovodi\u010dov\u00e1 pam\u011b\u0165 s p\u0159\u00edm\u00fdm p\u0159\u00edstupem umo\u017e\u0148uj\u00edc\u00ed \u010dten\u00ed i z\u00e1pis velikost pam\u011bti se nej\u010dast\u011bj\u0161i ud\u00e1v\u00e1 v bytech jak\u00e9 pam\u011bti pou\u017eijeme se v\u017edy \u0159\u00edd\u00ed pou\u017eitou \u010dipovou sadou na z\u00e1kladn\u00ed desce a z\u00e1kladn\u00ed deskou samotnou d\u011blen\u00ed dle uchov\u00e1v\u00e1n\u00ed <a class=\"read-more\" href=\"https:\/\/www.ict.mazuch.net\/subdom\/ict\/13-hardware-osobniho-pocitace\/\">[&hellip;]<\/a><\/p>\n","protected":false},"author":1,"featured_media":0,"parent":0,"menu_order":0,"comment_status":"closed","ping_status":"closed","template":"","meta":{"footnotes":""},"wppr_data":[],"_links":{"self":[{"href":"https:\/\/www.ict.mazuch.net\/subdom\/ict\/wp-json\/wp\/v2\/pages\/41"}],"collection":[{"href":"https:\/\/www.ict.mazuch.net\/subdom\/ict\/wp-json\/wp\/v2\/pages"}],"about":[{"href":"https:\/\/www.ict.mazuch.net\/subdom\/ict\/wp-json\/wp\/v2\/types\/page"}],"author":[{"embeddable":true,"href":"https:\/\/www.ict.mazuch.net\/subdom\/ict\/wp-json\/wp\/v2\/users\/1"}],"replies":[{"embeddable":true,"href":"https:\/\/www.ict.mazuch.net\/subdom\/ict\/wp-json\/wp\/v2\/comments?post=41"}],"version-history":[{"count":1,"href":"https:\/\/www.ict.mazuch.net\/subdom\/ict\/wp-json\/wp\/v2\/pages\/41\/revisions"}],"predecessor-version":[{"id":42,"href":"https:\/\/www.ict.mazuch.net\/subdom\/ict\/wp-json\/wp\/v2\/pages\/41\/revisions\/42"}],"wp:attachment":[{"href":"https:\/\/www.ict.mazuch.net\/subdom\/ict\/wp-json\/wp\/v2\/media?parent=41"}],"curies":[{"name":"wp","href":"https:\/\/api.w.org\/{rel}","templated":true}]}}