{"id":7,"date":"2016-05-10T21:23:53","date_gmt":"2016-05-10T20:23:53","guid":{"rendered":"http:\/\/www.ict.mazuch.net\/subdom\/ict\/?page_id=7"},"modified":"2016-05-15T18:07:40","modified_gmt":"2016-05-15T17:07:40","slug":"2-site","status":"publish","type":"page","link":"https:\/\/www.ict.mazuch.net\/subdom\/ict\/2-site\/","title":{"rendered":"(2) S\u00edt\u011b"},"content":{"rendered":"<div class=\"pdfprnt-buttons pdfprnt-buttons-page pdfprnt-top-right\"><a href=\"https:\/\/www.ict.mazuch.net\/subdom\/ict\/wp-json\/wp\/v2\/pages\/7?print=pdf\" class=\"pdfprnt-button pdfprnt-button-pdf\" target=\"_blank\"><img src=\"https:\/\/www.ict.mazuch.net\/subdom\/ict\/wp-content\/plugins\/pdf-print\/images\/pdf.png\" alt=\"image_pdf\" title=\"View PDF\" \/><\/a><a href=\"https:\/\/www.ict.mazuch.net\/subdom\/ict\/wp-json\/wp\/v2\/pages\/7?print=print\" class=\"pdfprnt-button pdfprnt-button-print\" target=\"_blank\"><img src=\"https:\/\/www.ict.mazuch.net\/subdom\/ict\/wp-content\/plugins\/pdf-print\/images\/print.png\" alt=\"image_print\" title=\"Print Content\" \/><\/a><\/div><div class=\"su-spoiler su-spoiler-style-fancy su-spoiler-icon-plus-circle su-spoiler-closed\" data-scroll-offset=\"0\" data-anchor-in-url=\"no\"><div class=\"su-spoiler-title\" tabindex=\"0\" role=\"button\"><span class=\"su-spoiler-icon\"><\/span>Osnova<\/div><div class=\"su-spoiler-content su-u-clearfix su-u-trim\">\n<ol>\n<li>Vymezen\u00ed pojmu<\/li>\n<li>IP adresa<\/li>\n<li>MAC adresa<\/li>\n<li>DNS<\/li>\n<li>DHCP<\/li>\n<li>Topologie s\u00edt\u00ed<\/li>\n<li>LAN<\/li>\n<li>MAN<\/li>\n<li>WAN<\/li>\n<\/ol>\n<\/div><\/div>\n<h2><strong>Co to je?<\/strong><\/h2>\n<ul>\n<li>spojen\u00ed dvou a v\u00edce po\u010d\u00edta\u010d\u016f tak, aby mohli navz\u00e1jem sd\u00edlet sv\u00e9 prost\u0159edky<\/li>\n<li>je jedno, zda se jedn\u00e1 o prost\u0159edky hardwarov\u00e9, \u010di softwarov\u00e9<\/li>\n<\/ul>\n<h2><strong>IP adresa<\/strong><\/h2>\n<ul>\n<li>IP adresa slou\u017e\u00ed k rozli\u0161en\u00ed s\u00ed\u0165ov\u00fdch rozhran\u00ed p\u0159ipojen\u00fdch k po\u010d\u00edta\u010dov\u00e9 s\u00edti<\/li>\n<li>IP = Internet Protocol<\/li>\n<li>IP adresa mus\u00ed b\u00fdt v dan\u00e9 s\u00edti jednozna\u010dn\u00e1 \u21d2 jedno rozhran\u00ed m\u016f\u017ee m\u00edt v\u00edce IP adres, ale jedna IP adresa nem\u016f\u017ee b\u00fdt na v\u00edce rozhran\u00edch<\/li>\n<li>ve\u0161ker\u00e1 data jsou mezi s\u00ed\u0165ov\u00fdmi rozhran\u00edmi p\u0159en\u00e1\u0161ena v podob\u011b IP datagram\u016f<\/li>\n<li>v sou\u010dasn\u00e9 dob\u011b je nejpou\u017e\u00edvan\u011bj\u0161\u00ed verze<strong> IPv4<\/strong>\n<ul>\n<li>pou\u017e\u00edv\u00e1 32 bitov\u00e9 adresy, zapsan\u00e9 dekadicky po osmici bit\u016f<\/li>\n<li>nap\u0159.: 168.0.2<\/li>\n<li>struktura adresy: adresa s\u00edt\u011b + adresa pods\u00edt\u011b + adresa po\u010d\u00edta\u010de<\/li>\n<\/ul>\n<\/li>\n<li>z d\u016fvodu nedostatku IP adres je postupn\u011b nahrazov\u00e1n protokolem IPv6\n<ul>\n<li>pou\u017e\u00edv\u00e1 128bitov\u00e9 IP adresy zapsan\u00e9 hexadecim\u00e1ln\u011b<\/li>\n<li>nap\u0159.: 2001:db8:0:1234:0:567:8:1<\/li>\n<\/ul>\n<\/li>\n<li>jak zjistit IP adresu\n<ul>\n<li>spustit p\u0159\u00edkazov\u00fd \u0159\u00e1dek (cmd) \u21d2 p\u0159\u00edkaz ipconfig<\/li>\n<\/ul>\n<\/li>\n<\/ul>\n<h2><strong>MAC adresa<\/strong><\/h2>\n<ul>\n<li>MAC = Media Access Control<\/li>\n<li>\u201cfyzick\u00e1 adresa\u201d<\/li>\n<li>adresa je za\u0159\u00edzen\u00ed p\u0159id\u011blena v\u00fdrobcem<\/li>\n<li>skl\u00e1d\u00e1 se ze 48 bit\u016f a zapisuje se jako t\u0159i skupiny \u010dty\u0159 hexadecim\u00e1ln\u00edch \u010d\u00edsel<\/li>\n<li>zji\u0161t\u011bn\u00ed MAC adresy\n<ul>\n<li>spustit p\u0159\u00edkazov\u00fd \u0159\u00e1dek (cmd) \u21d2 ipconfig all nebo getmac<\/li>\n<\/ul>\n<\/li>\n<\/ul>\n<h2><strong>DNS (= Domain Name System)<\/strong><\/h2>\n<ul>\n<li>hierarchick\u00fd syst\u00e9m dom\u00e9nov\u00fdch jmen<\/li>\n<li>jeho hlavn\u00edm \u00fakolem jsou vz\u00e1jem\u00e9 p\u0159evody dom\u00e9nov\u00fdch jmen a IP adres uzl\u016f s\u00edt\u011b, stejn\u011b tak zaji\u0161\u0165uje zp\u011btn\u00fd p\u0159eklad IP adresy na dom\u00e9nov\u00e9 jm\u00e9no<\/li>\n<li>adresy jsou vyj\u00e1d\u0159eny pomoc\u00ed adres 32 bitov\u00fdh (IPv4) nebo 128 bitov\u00fdch (IPv6)<\/li>\n<\/ul>\n<h2><strong>DHCP<\/strong><strong> (= Dynamic Host Configuration Protocol)<\/strong><\/h2>\n<ul>\n<li>pou\u017e\u00edv\u00e1 se pro automatickou konfiguraci po\u010d\u00edta\u010d\u016f p\u0159ipojen\u00fdch do po\u010d\u00edta\u010dov\u00e9 s\u00edt\u011b<\/li>\n<li>DHCP server p\u0159id\u011bluje po\u010d\u00edta\u010d\u016fm podle DHCP protokolu zejm\u00e9a IP adresu a adresu DNS serveru<\/li>\n<li>platnost p\u0159id\u011blen\u00fdch \u00fadaj\u016f je omezen\u00e1, proto je na po\u010d\u00edta\u010di spu\u0161t\u011bn DHCP klient, kter\u00fd jejich platnost prodlu\u017euje<\/li>\n<li>princip fungov\u00e1n\u00ed\n<ul>\n<li>klienti \u017e\u00e1daj\u00ed server o IP adresu, ten u ka\u017ed\u00e9ho klienta eviduje p\u016fj\u010denou IP adresu a \u010das, do kdy ji klient sm\u00ed pou\u017e\u00edvat, pot\u00e9 co vypr\u0161\u00ed, sm\u00ed server adresu p\u0159id\u011blovat jin\u00fdm klient\u016fm<\/li>\n<\/ul>\n<\/li>\n<\/ul>\n<h2><strong>Topologie s\u00edt\u00ed<\/strong><\/h2>\n<ul>\n<li>zab\u00fdv\u00e1 se zapojen\u00edm r\u016fzn\u00fdch prvk\u016f do po\u010d\u00edta\u010dov\u00fdch s\u00edt\u00ed<\/li>\n<li>ur\u010dit\u00fd tvar \u010di struktura dan\u00e9 s\u00edt\u011b<\/li>\n<li><strong>fyzick\u00e1 topologie<\/strong>\n<ul>\n<li>popisuje re\u00e1lnou konstrukci s\u00edt\u011b<\/li>\n<\/ul>\n<\/li>\n<li><strong>logick\u00e1 topologie<\/strong>\n<ul>\n<li>vztahuje se k tomu, jak jsou data v s\u00edti p\u0159en\u00e1\u0161ena a kudy prot\u00e9kaj\u00ed z jednoho za\u0159\u00edzen\u00ed do druh\u00e9ho \u21d2 nemus\u00ed nutn\u011b kop\u00edrovat fyzick\u00e9 sch\u00e9ma s\u00edt\u011b.<\/li>\n<\/ul>\n<\/li>\n<\/ul>\n<p>https:\/\/cs.wikipedia.org\/wiki\/Topologie_s%C3%ADt%C3%AD<\/p>\n<p><iframe loading=\"lazy\" src=\"https:\/\/www.ict.mazuch.net\/subdom\/ict\/img\/topologie-siti.svg\" width=\"655\" height=\"320\"><\/iframe><\/p>\n<p><em><a href=\"https:\/\/www.ict.mazuch.net\/subdom\/ict\/img\/topologie-siti.svg\">Otev\u0159\u00edt v nov\u00e9m okn\u011b\u00a0\u2191<\/a><\/em><\/p>\n<ul>\n<li><strong>dvoubodov\u00e9 spoje<\/strong>\n<ul>\n<li>= permanentn\u00ed spoj mezi dv\u011bma koncov\u00fdmi body<\/li>\n<li><strong>kruh <\/strong>\n<ul>\n<li>jeden uzel p\u0159ipojen k dal\u0161\u00edm dv\u011bma uzl\u016fm tak, \u017ee vytvo\u0159\u00ed kruh<\/li>\n<li><u>v\u00fdhody<\/u>: p\u0159enos dat je relativn\u011b jednoduch\u00fd, nevznikaj\u00ed kolize, minim\u00e1ln\u00ed zpo\u017ed\u011bn\u00ed<\/li>\n<li><u>nev\u00fdhody<\/u>: data mus\u00ed proj\u00edt p\u0159es v\u0161echny \u010dleny kruhu \u21d2 zv\u00fd\u0161en\u00ed rizika poruchy<\/li>\n<\/ul>\n<\/li>\n<li><strong>hv\u011bzdice<\/strong>\n<ul>\n<li>nejpou\u017e\u00edvan\u011bj\u0161\u00ed zp\u016fsob<\/li>\n<li>ka\u017ed\u00fd po\u010d\u00edta\u010d je pomoc\u00ed kabelu p\u0159ipojen k centr\u00e1ln\u00edmu prvku<\/li>\n<li><u>v\u00fdhody<\/u>: snadno se nastavuje a roz\u0161i\u0159uje, z\u00e1vady se daj\u00ed snadno nal\u00e9zt, p\u0159i selh\u00e1n\u00ed jednoho propojen\u00ed mohou dal\u0161\u00ed stanice d\u00e1l vys\u00edlat<\/li>\n<li><u>nev\u00fdhody<\/u>: velk\u00e9 mno\u017estv\u00ed kabel\u016f, v p\u0159\u00edpad\u011b selh\u00e1n\u00ed centr\u00e1ln\u00edho prvku sel\u017ee cel\u00e1 s\u00ed\u0165<\/li>\n<\/ul>\n<\/li>\n<li><strong>sd\u00edlen\u00e9 spoje<\/strong>\n<ul>\n<li><strong>sb\u011brnice<\/strong>\n<ul>\n<li>spojen\u00ed zprost\u0159edkov\u00e1v\u00e1 jedin\u00e9 p\u0159enosov\u00e9 m\u00e9dium , ke kter\u00e9mu jsou p\u0159ipojeny v\u0161echny koncov\u00e9 po\u010d\u00edta\u010de<\/li>\n<li><u>v\u00fdhody<\/u>: vhodn\u00e1 pro mal\u00e9 s\u00edt\u011b, nevy\u017eaduje tolik kabel\u016f, snadn\u00e9 roz\u0161\u00ed\u0159en\u00ed s\u00edt\u011b<\/li>\n<li><u>nev\u00fdhody<\/u>: nesnadn\u00e9 odstra\u0148ov\u00e1n\u00ed z\u00e1vad, p\u0159i poru\u0161e kabelu p\u0159estane fungovat cel\u00e1 s\u00ed\u0165, v\u00fdkon s\u00edt\u011b kles\u00e1 s v\u011bt\u0161\u00edm po\u010dtem p\u0159ipojen\u00fdch za\u0159\u00edzen\u00ed<\/li>\n<\/ul>\n<\/li>\n<\/ul>\n<\/li>\n<\/ul>\n<\/li>\n<\/ul>\n<h2><strong>LAN (= lok\u00e1ln\u00ed s\u00ed\u0165)<\/strong><\/h2>\n<ul>\n<li>po\u010d\u00e1tky pou\u017e\u00edv\u00e1n\u00ed s\u00edt\u00ed<\/li>\n<li>cca 10 navz\u00e1jem propojen\u00fdch po\u010d\u00edta\u010d\u016f<\/li>\n<li>na jednom podla\u017e\u00ed nebo v mal\u00e9 firm\u011b<\/li>\n<li>podobn\u00e9 s\u00edt\u011b LAN se propojuj\u00ed pomoc\u00ed most\u016f kter\u00e9 slou\u017e\u00ed jako body p\u0159enosu mezi s\u00edt\u011bmi, rozd\u00edln\u00e9 s\u00edt\u011b LAN se spojuj\u00ed \u00fast\u0159ednami, kter\u00e9 p\u0159en\u00e1\u0161ej\u00ed data a z\u00e1rove\u0148 je konvertuj\u00ed podle protokol\u016f pou\u017e\u00edvan\u00fdch s\u00edt\u00ed p\u0159\u00edjemce<\/li>\n<li>s\u00edt\u011b se rozd\u011bluj\u00ed podle pom\u011bru doby vys\u00edl\u00e1n\u00ed a p\u0159ij\u00edm\u00e1n\u00ed dat.\u21d2 u LAN je doba vys\u00edl\u00e1n\u00ed vy\u0161\u0161\u00ed ne\u017e doba \u0161\u00ed\u0159en\u00ed sign\u00e1lu po p\u0159enosov\u00e9m m\u00e9diu<\/li>\n<\/ul>\n<h2><strong>MAN (= metropolitn\u00ed s\u00ed\u0165)<\/strong><\/h2>\n<ul>\n<li>ve\u0159ejn\u00e1 s\u00ed\u0165, pracuje vysokou rychlost\u00ed, p\u0159en\u00e1\u0161\u00ed data a\u017e na vzd\u00e1lenost 80 km<\/li>\n<li>LAN &lt; MAN &lt; WAN<\/li>\n<li>doba vys\u00edl\u00e1n\u00ed sign\u00e1lu je stejn\u00e1 jako doba \u0161\u00ed\u0159en\u00ed sign\u00e1lu<\/li>\n<\/ul>\n<h2><strong>WAN (= rozlehl\u00e1 s\u00ed\u0165)<\/strong><\/h2>\n<ul>\n<li>p\u0159ipojov\u00e1n\u00ed u\u017eivatel\u016f z r\u016fzn\u00fdch m\u011bst nebo st\u00e1t\u016f<\/li>\n<li>i n\u011bkolik tis\u00edc u\u017eivatel\u016f<\/li>\n<li>doba vys\u00edl\u00e1n\u00ed sign\u00e1lu je men\u0161\u00ed ne\u017e soba \u0161\u00ed\u0159en\u00ed sign\u00e1lu<\/li>\n<\/ul>\n","protected":false},"excerpt":{"rendered":"<p>Co to je? spojen\u00ed dvou a v\u00edce po\u010d\u00edta\u010d\u016f tak, aby mohli navz\u00e1jem sd\u00edlet sv\u00e9 prost\u0159edky je jedno, zda se jedn\u00e1 o prost\u0159edky hardwarov\u00e9, \u010di softwarov\u00e9 IP adresa IP adresa slou\u017e\u00ed k rozli\u0161en\u00ed s\u00ed\u0165ov\u00fdch rozhran\u00ed p\u0159ipojen\u00fdch k po\u010d\u00edta\u010dov\u00e9 s\u00edti IP = Internet Protocol IP adresa mus\u00ed b\u00fdt v dan\u00e9 s\u00edti jednozna\u010dn\u00e1 \u21d2 jedno rozhran\u00ed m\u016f\u017ee m\u00edt <a class=\"read-more\" href=\"https:\/\/www.ict.mazuch.net\/subdom\/ict\/2-site\/\">[&hellip;]<\/a><\/p>\n","protected":false},"author":1,"featured_media":0,"parent":0,"menu_order":0,"comment_status":"closed","ping_status":"closed","template":"","meta":{"footnotes":""},"wppr_data":[],"_links":{"self":[{"href":"https:\/\/www.ict.mazuch.net\/subdom\/ict\/wp-json\/wp\/v2\/pages\/7"}],"collection":[{"href":"https:\/\/www.ict.mazuch.net\/subdom\/ict\/wp-json\/wp\/v2\/pages"}],"about":[{"href":"https:\/\/www.ict.mazuch.net\/subdom\/ict\/wp-json\/wp\/v2\/types\/page"}],"author":[{"embeddable":true,"href":"https:\/\/www.ict.mazuch.net\/subdom\/ict\/wp-json\/wp\/v2\/users\/1"}],"replies":[{"embeddable":true,"href":"https:\/\/www.ict.mazuch.net\/subdom\/ict\/wp-json\/wp\/v2\/comments?post=7"}],"version-history":[{"count":4,"href":"https:\/\/www.ict.mazuch.net\/subdom\/ict\/wp-json\/wp\/v2\/pages\/7\/revisions"}],"predecessor-version":[{"id":136,"href":"https:\/\/www.ict.mazuch.net\/subdom\/ict\/wp-json\/wp\/v2\/pages\/7\/revisions\/136"}],"wp:attachment":[{"href":"https:\/\/www.ict.mazuch.net\/subdom\/ict\/wp-json\/wp\/v2\/media?parent=7"}],"curies":[{"name":"wp","href":"https:\/\/api.w.org\/{rel}","templated":true}]}}