{"id":83,"date":"2016-05-11T15:49:37","date_gmt":"2016-05-11T14:49:37","guid":{"rendered":"http:\/\/www.ict.mazuch.net\/subdom\/ict\/?page_id=83"},"modified":"2016-05-15T17:23:05","modified_gmt":"2016-05-15T16:23:05","slug":"18-html","status":"publish","type":"page","link":"https:\/\/www.ict.mazuch.net\/subdom\/ict\/18-html\/","title":{"rendered":"(18) HTML"},"content":{"rendered":"<div class=\"pdfprnt-buttons pdfprnt-buttons-page pdfprnt-top-right\"><a href=\"https:\/\/www.ict.mazuch.net\/subdom\/ict\/wp-json\/wp\/v2\/pages\/83?print=pdf\" class=\"pdfprnt-button pdfprnt-button-pdf\" target=\"_blank\"><img src=\"https:\/\/www.ict.mazuch.net\/subdom\/ict\/wp-content\/plugins\/pdf-print\/images\/pdf.png\" alt=\"image_pdf\" title=\"View PDF\" \/><\/a><a href=\"https:\/\/www.ict.mazuch.net\/subdom\/ict\/wp-json\/wp\/v2\/pages\/83?print=print\" class=\"pdfprnt-button pdfprnt-button-print\" target=\"_blank\"><img src=\"https:\/\/www.ict.mazuch.net\/subdom\/ict\/wp-content\/plugins\/pdf-print\/images\/print.png\" alt=\"image_print\" title=\"Print Content\" \/><\/a><\/div><h2><\/h2>\n<h2>HTML5 &#8211; porovn\u00e1n\u00ed s HTML4<\/h2>\n<ul>\n<li>HTML5 proti p\u0159edchoz\u00ed verzi HTML4 p\u0159in\u00e1\u0161\u00ed podstatn\u00e9 zm\u011bny, mezi nejd\u016fle\u017eit\u011bj\u0161\u00ed pat\u0159\u00ed p\u0159\u00edm\u00e1 podpora p\u0159ehr\u00e1v\u00e1n\u00ed multim\u00e9di\u00ed v prohl\u00ed\u017ee\u010di a podpora pro aplikace, kter\u00e9 funguj\u00ed i bez p\u0159ipojen\u00ed k Internetu.<\/li>\n<li>HTML verze 5 se od verze 4 li\u0161\u00ed nov\u00fdmi, zkr\u00e1cen\u00fdmi a rychlej\u0161\u00edmi z\u00e1pisy zna\u010dek.<\/li>\n<li>V HTML5 je t\u00e9\u017e mo\u017en\u00e9 vytvo\u0159it aplikaci, kter\u00e1 funguje v prohl\u00ed\u017ee\u010di i tehdy, kdy\u017e u\u017eivatel nem\u00e1 internetov\u00e9 p\u0159ipojen\u00ed, a kter\u00e1 ukl\u00e1d\u00e1 data do lok\u00e1ln\u00edho \u00falo\u017ei\u0161t\u011b na u\u017eivatelov\u011b po\u010d\u00edta\u010di.<\/li>\n<li>DOCTYPE\n<ul>\n<li>Prvn\u00ed zm\u011bnou je nov\u00e1 specifikace typu dokumentu, tedy DOCTYPE. Z\u00e1pis se oproti p\u0159edchoz\u00edm verz\u00edm hodn\u011b zkr\u00e1til, u\u017e nen\u00ed pot\u0159eba ud\u00e1vat dlouh\u00e9 z\u00e1pisy o verzi a DTD specifikaci dokumentu, tak\u017ee dokument HTML5 by m\u011bl spr\u00e1vn\u011b za\u010d\u00ednat prost\u00fdm z\u00e1pisem: &lt;!DOCTYPE html&gt;<\/li>\n<\/ul>\n<\/li>\n<li>V HTML5 jsou zavedeny nov\u00e9 zna\u010dky, kter\u00e9 jsou ur\u010deny na strukturov\u00e1n\u00ed str\u00e1nek\n<ul>\n<li>&lt;main&gt;, &lt;header&gt;, &lt;footer&gt;,&lt;nav&gt;<\/li>\n<\/ul>\n<\/li>\n<li>Nov\u00e9 funkce HTML5:\n<ul>\n<li>&lt;mark&gt; (zv\u00fdraz\u0148uje text), &lt;time&gt; (ozna\u010duje datum a \u010das),<br \/>\n&lt;keygen&gt; (ovl\u00e1d\u00e1 vygenerov\u00e1n\u00ed p\u00e1ru kl\u00ed\u010d\u016f k certifik\u00e1tu)<\/li>\n<\/ul>\n<\/li>\n<\/ul>\n<div class=\"su-document su-u-responsive-media-yes\"><iframe src=\"\/\/docs.google.com\/viewer?embedded=true&url=https:\/\/www.ict.mazuch.net\/subdom\/ict\/wp-content\/uploads\/2016\/05\/html5.pdf\" width=\"800\" height=\"1000\" class=\"su-document\" title=\"\"><\/iframe><\/div>\n<h2>D\u016fle\u017eit\u00e9 tagy pro HTML<\/h2>\n<ul>\n<li><a href=\"http:\/\/www.jakpsatweb.cz\/\">http:\/\/www.jakpsatweb.cz\/<\/a><\/li>\n<\/ul>\n<div class=\"su-document su-u-responsive-media-yes\"><iframe src=\"\/\/docs.google.com\/viewer?embedded=true&url=https:\/\/www.ict.mazuch.net\/subdom\/ict\/wp-content\/uploads\/2016\/05\/html.pdf\" width=\"1000\" height=\"5000\" class=\"su-document\" title=\"\"><\/iframe><\/div>\n<p>&nbsp;<\/p>\n","protected":false},"excerpt":{"rendered":"<p>HTML5 &#8211; porovn\u00e1n\u00ed s HTML4 HTML5 proti p\u0159edchoz\u00ed verzi HTML4 p\u0159in\u00e1\u0161\u00ed podstatn\u00e9 zm\u011bny, mezi nejd\u016fle\u017eit\u011bj\u0161\u00ed pat\u0159\u00ed p\u0159\u00edm\u00e1 podpora p\u0159ehr\u00e1v\u00e1n\u00ed multim\u00e9di\u00ed v prohl\u00ed\u017ee\u010di a podpora pro aplikace, kter\u00e9 funguj\u00ed i bez p\u0159ipojen\u00ed k Internetu. HTML verze 5 se od verze 4 li\u0161\u00ed nov\u00fdmi, zkr\u00e1cen\u00fdmi a rychlej\u0161\u00edmi z\u00e1pisy zna\u010dek. V HTML5 je t\u00e9\u017e mo\u017en\u00e9 vytvo\u0159it aplikaci, kter\u00e1 <a class=\"read-more\" href=\"https:\/\/www.ict.mazuch.net\/subdom\/ict\/18-html\/\">[&hellip;]<\/a><\/p>\n","protected":false},"author":1,"featured_media":0,"parent":0,"menu_order":0,"comment_status":"closed","ping_status":"closed","template":"","meta":{"footnotes":""},"wppr_data":[],"_links":{"self":[{"href":"https:\/\/www.ict.mazuch.net\/subdom\/ict\/wp-json\/wp\/v2\/pages\/83"}],"collection":[{"href":"https:\/\/www.ict.mazuch.net\/subdom\/ict\/wp-json\/wp\/v2\/pages"}],"about":[{"href":"https:\/\/www.ict.mazuch.net\/subdom\/ict\/wp-json\/wp\/v2\/types\/page"}],"author":[{"embeddable":true,"href":"https:\/\/www.ict.mazuch.net\/subdom\/ict\/wp-json\/wp\/v2\/users\/1"}],"replies":[{"embeddable":true,"href":"https:\/\/www.ict.mazuch.net\/subdom\/ict\/wp-json\/wp\/v2\/comments?post=83"}],"version-history":[{"count":3,"href":"https:\/\/www.ict.mazuch.net\/subdom\/ict\/wp-json\/wp\/v2\/pages\/83\/revisions"}],"predecessor-version":[{"id":126,"href":"https:\/\/www.ict.mazuch.net\/subdom\/ict\/wp-json\/wp\/v2\/pages\/83\/revisions\/126"}],"wp:attachment":[{"href":"https:\/\/www.ict.mazuch.net\/subdom\/ict\/wp-json\/wp\/v2\/media?parent=83"}],"curies":[{"name":"wp","href":"https:\/\/api.w.org\/{rel}","templated":true}]}}